{"id":2,"date":"2019-05-14T01:33:47","date_gmt":"2019-05-14T01:33:47","guid":{"rendered":"https:\/\/oarquitectos.ao\/oarquitectos\/?page_id=2"},"modified":"2022-03-17T15:38:26","modified_gmt":"2022-03-17T15:38:26","slug":"sample-page","status":"publish","type":"page","link":"https:\/\/emjconsultoria.com\/","title":{"rendered":"Home"},"content":{"rendered":"<p>[vc_row content_placement=&#8221;middle&#8221; wrap_container=&#8221;yes&#8221; el_id=&#8221;home&#8221; css=&#8221;.vc_custom_1647254208459{padding-top: 83px !important;}&#8221; el_class=&#8221;position-relative&#8221;][vc_column el_class=&#8221;position-staticc&#8221;]\n\t\t\t<!-- START slider REVOLUTION SLIDER 6.5.11 --><p class=\"rs-p-wp-fix\"><\/p>\n\t\t\t<rs-module-wrap id=\"rev_slider_1_1_wrapper\" data-source=\"gallery\" style=\"visibility:hidden;background:transparent;padding:0;margin:0px auto;margin-top:0;margin-bottom:0;\">\n\t\t\t\t<rs-module id=\"rev_slider_1_1\" style=\"\" data-version=\"6.5.11\">\n\t\t\t\t\t<rs-slides>\n\t\t\t\t\t\t<rs-slide style=\"position: absolute;\" data-key=\"rs-1\" data-title=\"Intro\" data-thumb=\"\/\/emjconsultoria.com\/wp-content\/uploads\/revslider\/oilgas\/morphing-bg-1.jpg\" data-duration=\"7000\" data-anim=\"ms:800;\" data-in=\"o:0;\" data-out=\"a:false;\">\n\t\t\t\t\t\t\t<img decoding=\"async\" src=\"\/\/emjconsultoria.com\/wp-content\/plugins\/revslider\/public\/assets\/assets\/dummy.png\" alt=\"Intro\" class=\"rev-slidebg tp-rs-img rs-lazyload\" data-lazyload=\"\/\/emjconsultoria.com\/wp-content\/plugins\/revslider\/public\/assets\/assets\/transparent.png\" data-bg=\"p:70% 70%;c:linear-gradient(100deg, rgba(81,127,164,1) 0%, rgba(169,227,242,1) 100%);\" data-no-retina>\n<!--\n\t\t\t\t\t\t\t--><rs-layer\n\t\t\t\t\t\t\t\tid=\"slider-1-slide-1-layer-0\" \n\t\t\t\t\t\t\t\tdata-type=\"image\"\n\t\t\t\t\t\t\t\tdata-rsp_ch=\"on\"\n\t\t\t\t\t\t\t\tdata-xy=\"x:r;xo:-53px;y:-10px;\"\n\t\t\t\t\t\t\t\tdata-text=\"w:normal;\"\n\t\t\t\t\t\t\t\tdata-dim=\"w:419px;h:594px;\"\n\t\t\t\t\t\t\t\tdata-frame_999=\"o:0;st:w;\"\n\t\t\t\t\t\t\t\tstyle=\"z-index:11;\"\n\t\t\t\t\t\t\t><img loading=\"lazy\" decoding=\"async\" src=\"\/\/emjconsultoria.com\/wp-content\/plugins\/revslider\/public\/assets\/assets\/dummy.png\" class=\"tp-rs-img rs-lazyload\" width=\"874\" height=\"1240\" data-lazyload=\"\/\/emjconsultoria.com\/wp-content\/uploads\/2022\/03\/IMG-20200528-WA0001.jpg\" data-no-retina> \n\t\t\t\t\t\t\t<\/rs-layer><!--\n\n\t\t\t\t\t\t\t--><rs-layer\n\t\t\t\t\t\t\t\tid=\"slider-1-slide-1-layer-1\" \n\t\t\t\t\t\t\t\tclass=\"Restaurant-Display\"\n\t\t\t\t\t\t\t\tdata-type=\"text\"\n\t\t\t\t\t\t\t\tdata-color=\"rgba(255, 255, 255, 1)\"\n\t\t\t\t\t\t\t\tdata-rsp_ch=\"on\"\n\t\t\t\t\t\t\t\tdata-xy=\"x:143px;y:c;yo:-37px;\"\n\t\t\t\t\t\t\t\tdata-text=\"s:47;l:42;fw:500;\"\n\t\t\t\t\t\t\t\tdata-dim=\"w:589;h:50;\"\n\t\t\t\t\t\t\t\tdata-frame_0=\"y:100%;o:1;\"\n\t\t\t\t\t\t\t\tdata-frame_0_mask=\"u:t;\"\n\t\t\t\t\t\t\t\tdata-frame_1=\"st:700;sp:1500;sR:700;\"\n\t\t\t\t\t\t\t\tdata-frame_1_mask=\"u:t;\"\n\t\t\t\t\t\t\t\tdata-frame_999=\"o:0;e:nothing;st:w;sR:4800;\"\n\t\t\t\t\t\t\t\tstyle=\"z-index:10;font-family:'Roboto';\"\n\t\t\t\t\t\t\t>Contabilidade & Fiscalidade \n\t\t\t\t\t\t\t<\/rs-layer><!--\n\n\t\t\t\t\t\t\t--><rs-layer\n\t\t\t\t\t\t\t\tid=\"slider-1-slide-1-layer-3\" \n\t\t\t\t\t\t\t\tclass=\"Restaurant-Display\"\n\t\t\t\t\t\t\t\tdata-type=\"text\"\n\t\t\t\t\t\t\t\tdata-color=\"rgba(255, 255, 255, 1)\"\n\t\t\t\t\t\t\t\tdata-rsp_ch=\"on\"\n\t\t\t\t\t\t\t\tdata-xy=\"x:145px;y:c;yo:21px;\"\n\t\t\t\t\t\t\t\tdata-text=\"s:24;l:30;\"\n\t\t\t\t\t\t\t\tdata-dim=\"w:639px;\"\n\t\t\t\t\t\t\t\tdata-frame_0=\"y:100%;o:1;\"\n\t\t\t\t\t\t\t\tdata-frame_0_mask=\"u:t;\"\n\t\t\t\t\t\t\t\tdata-frame_1=\"st:700;sp:1500;sR:700;\"\n\t\t\t\t\t\t\t\tdata-frame_1_mask=\"u:t;\"\n\t\t\t\t\t\t\t\tdata-frame_999=\"o:0;e:nothing;st:w;sR:4800;\"\n\t\t\t\t\t\t\t\tstyle=\"z-index:9;font-family:'Roboto';\"\n\t\t\t\t\t\t\t>Servi\u00e7os com Qualidade, pre\u00e7os justos e profissionalismo <br> '' Tu Desejas N\u00f3s Realizamos'' \n\t\t\t\t\t\t\t<\/rs-layer><!--\n\n\t\t\t\t\t\t\t--><rs-layer\n\t\t\t\t\t\t\t\tid=\"slider-1-slide-1-layer-9\" \n\t\t\t\t\t\t\t\tclass=\"tp-shape tp-shapewrapper\"\n\t\t\t\t\t\t\t\tdata-type=\"shape\"\n\t\t\t\t\t\t\t\tdata-rsp_ch=\"on\"\n\t\t\t\t\t\t\t\tdata-xy=\"x:c;y:c;\"\n\t\t\t\t\t\t\t\tdata-text=\"fw:700;a:inherit;\"\n\t\t\t\t\t\t\t\tdata-dim=\"w:100%;h:100%;\"\n\t\t\t\t\t\t\t\tdata-basealign=\"slide\"\n\t\t\t\t\t\t\t\tdata-frame_1=\"sR:10;\"\n\t\t\t\t\t\t\t\tdata-frame_999=\"o:0;st:w;sR:6690;\"\n\t\t\t\t\t\t\t\tstyle=\"z-index:8;background-color:rgba(0,0,0,0.5);\"\n\t\t\t\t\t\t\t> \n\t\t\t\t\t\t\t<\/rs-layer><!--\n-->\t\t\t\t\t\t<\/rs-slide>\n\t\t\t\t\t\t<rs-slide style=\"position: absolute;\" data-key=\"rs-3\" data-title=\"Intro\" data-thumb=\"\/\/emjconsultoria.com\/wp-content\/uploads\/revslider\/oilgas\/morphing-bg-1.jpg\" data-duration=\"7000\" data-anim=\"ms:800;\" data-in=\"o:0;\" data-out=\"a:false;\">\n\t\t\t\t\t\t\t<img decoding=\"async\" src=\"\/\/emjconsultoria.com\/wp-content\/plugins\/revslider\/public\/assets\/assets\/dummy.png\" alt=\"Intro\" class=\"rev-slidebg tp-rs-img rs-lazyload\" data-lazyload=\"\/\/emjconsultoria.com\/wp-content\/plugins\/revslider\/public\/assets\/assets\/transparent.png\" data-bg=\"p:70% 70%;c:linear-gradient(100deg, rgba(62,141,183,1) 0%, rgba(232,237,240,1) 69%, rgba(234,238,240,1) 70%, rgba(237,240,241,1) 71%, rgba(239,241,242,1) 72%);\" data-no-retina>\n<!--\n\t\t\t\t\t\t\t--><rs-layer\n\t\t\t\t\t\t\t\tid=\"slider-1-slide-3-layer-0\" \n\t\t\t\t\t\t\t\tdata-type=\"image\"\n\t\t\t\t\t\t\t\tdata-rsp_ch=\"on\"\n\t\t\t\t\t\t\t\tdata-xy=\"x:r;xo:-53px;y:-10px;\"\n\t\t\t\t\t\t\t\tdata-text=\"w:normal;\"\n\t\t\t\t\t\t\t\tdata-dim=\"w:419px;h:593px;\"\n\t\t\t\t\t\t\t\tdata-frame_999=\"o:0;st:w;\"\n\t\t\t\t\t\t\t\tstyle=\"z-index:11;\"\n\t\t\t\t\t\t\t><img loading=\"lazy\" decoding=\"async\" src=\"\/\/emjconsultoria.com\/wp-content\/plugins\/revslider\/public\/assets\/assets\/dummy.png\" class=\"tp-rs-img rs-lazyload\" width=\"530\" height=\"750\" data-lazyload=\"\/\/emjconsultoria.com\/wp-content\/uploads\/2022\/03\/emj2.jpg\" data-no-retina> \n\t\t\t\t\t\t\t<\/rs-layer><!--\n\n\t\t\t\t\t\t\t--><rs-layer\n\t\t\t\t\t\t\t\tid=\"slider-1-slide-3-layer-1\" \n\t\t\t\t\t\t\t\tclass=\"Restaurant-Display\"\n\t\t\t\t\t\t\t\tdata-type=\"text\"\n\t\t\t\t\t\t\t\tdata-color=\"rgba(255, 255, 255, 1)\"\n\t\t\t\t\t\t\t\tdata-rsp_ch=\"on\"\n\t\t\t\t\t\t\t\tdata-xy=\"x:143px;y:c;yo:-37px;\"\n\t\t\t\t\t\t\t\tdata-text=\"s:38;l:33;fw:500;\"\n\t\t\t\t\t\t\t\tdata-dim=\"w:720;h:76;\"\n\t\t\t\t\t\t\t\tdata-frame_0=\"y:100%;o:1;\"\n\t\t\t\t\t\t\t\tdata-frame_0_mask=\"u:t;\"\n\t\t\t\t\t\t\t\tdata-frame_1=\"st:700;sp:1500;sR:700;\"\n\t\t\t\t\t\t\t\tdata-frame_1_mask=\"u:t;\"\n\t\t\t\t\t\t\t\tdata-frame_999=\"o:0;e:nothing;st:w;sR:4800;\"\n\t\t\t\t\t\t\t\tstyle=\"z-index:10;font-family:'Roboto';\"\n\t\t\t\t\t\t\t>EMJ <br>Consultoria & Presta\u00e7\u00e3o de Servi\u00e7os, Lda \n\t\t\t\t\t\t\t<\/rs-layer><!--\n\n\t\t\t\t\t\t\t--><rs-layer\n\t\t\t\t\t\t\t\tid=\"slider-1-slide-3-layer-3\" \n\t\t\t\t\t\t\t\tclass=\"Restaurant-Display\"\n\t\t\t\t\t\t\t\tdata-type=\"text\"\n\t\t\t\t\t\t\t\tdata-color=\"rgba(255, 255, 255, 1)\"\n\t\t\t\t\t\t\t\tdata-rsp_ch=\"on\"\n\t\t\t\t\t\t\t\tdata-xy=\"x:145px;y:c;yo:14px;\"\n\t\t\t\t\t\t\t\tdata-text=\"s:24;l:30;\"\n\t\t\t\t\t\t\t\tdata-dim=\"w:639px;\"\n\t\t\t\t\t\t\t\tdata-frame_0=\"y:100%;o:1;\"\n\t\t\t\t\t\t\t\tdata-frame_0_mask=\"u:t;\"\n\t\t\t\t\t\t\t\tdata-frame_1=\"st:700;sp:1500;sR:700;\"\n\t\t\t\t\t\t\t\tdata-frame_1_mask=\"u:t;\"\n\t\t\t\t\t\t\t\tdata-frame_999=\"o:0;e:nothing;st:w;sR:4800;\"\n\t\t\t\t\t\t\t\tstyle=\"z-index:9;font-family:'Roboto';\"\n\t\t\t\t\t\t\t>'' Tu Desejas , N\u00f3s Realizamos'' \n\t\t\t\t\t\t\t<\/rs-layer><!--\n\n\t\t\t\t\t\t\t--><rs-layer\n\t\t\t\t\t\t\t\tid=\"slider-1-slide-3-layer-9\" \n\t\t\t\t\t\t\t\tclass=\"tp-shape tp-shapewrapper\"\n\t\t\t\t\t\t\t\tdata-type=\"shape\"\n\t\t\t\t\t\t\t\tdata-rsp_ch=\"on\"\n\t\t\t\t\t\t\t\tdata-xy=\"x:c;y:c;\"\n\t\t\t\t\t\t\t\tdata-text=\"fw:700;a:inherit;\"\n\t\t\t\t\t\t\t\tdata-dim=\"w:100%;h:100%;\"\n\t\t\t\t\t\t\t\tdata-basealign=\"slide\"\n\t\t\t\t\t\t\t\tdata-frame_1=\"sR:10;\"\n\t\t\t\t\t\t\t\tdata-frame_999=\"o:0;st:w;sR:6690;\"\n\t\t\t\t\t\t\t\tstyle=\"z-index:8;background-color:rgba(0,0,0,0.5);\"\n\t\t\t\t\t\t\t> \n\t\t\t\t\t\t\t<\/rs-layer><!--\n-->\t\t\t\t\t\t<\/rs-slide>\n\t\t\t\t\t<\/rs-slides>\n\t\t\t\t<\/rs-module>\n\t\t\t\t<script type=\"text\/javascript\">\n\t\t\t\t\tsetREVStartSize({c: 'rev_slider_1_1',rl:[1240,1024,778,480],el:[545],gw:[1240],gh:[545],type:'standard',justify:'',layout:'fullwidth',mh:\"0\"});if (window.RS_MODULES!==undefined && window.RS_MODULES.modules!==undefined && window.RS_MODULES.modules[\"revslider11\"]!==undefined) {window.RS_MODULES.modules[\"revslider11\"].once = false;window.revapi1 = undefined;if (window.RS_MODULES.checkMinimal!==undefined) window.RS_MODULES.checkMinimal()}\n\t\t\t\t<\/script>\n\t\t\t<\/rs-module-wrap>\n\t\t\t<!-- END REVOLUTION SLIDER -->\n[\/vc_column][\/vc_row][vc_row wrap_container=&#8221;yes&#8221; no_padding=&#8221;yes&#8221; el_id=&#8221;sobre&#8221; css=&#8221;.vc_custom_1647254418194{padding-top: 30px !important;}&#8221;][vc_column][vc_row_inner][vc_column_inner width=&#8221;1\/2&#8243; animation_delay=&#8221;400&#8243; animation_type=&#8221;fadeInRight&#8221;]<div class=\"porto-u-heading  wpb_custom_95aa9a11c17ad45cfabaf210d84ee7cc\" data-hspacer=\"no_spacer\" data-halign=\"left\" style=\"text-align:left\" data-appear-animation=\"fadeInUp\" data-appear-animation-delay=\"600\"><div class=\"porto-u-main-heading\"><h2   style=\"font-weight:700;color:#004863;margin-bottom: 4px;font-size:28px;line-height:34px;\">Bem vindo a nossa empresa<\/h2><\/div><div class=\"porto-u-sub-heading\" style=\"font-weight:400;color: rgba(33,37,41,0.7);margin-bottom:32px;font-size:21px;\"><span style=\"color: #000000;\"><strong>Sobre N\u00f3s<\/strong><\/span><\/div><\/div>[vc_column_text el_class=&#8221;scroll&#8221;]<\/p>\n<p style=\"text-align: left;\">A EMJ &#8211; Consultoria e Presta\u00e7\u00e3o de Servi\u00e7os \u00e9 uma empresa focada nas Micro, Pequenas e M\u00e9dias Empresas no sentido de apoiar as mesmas com a organiza\u00e7\u00e3o contabil\u00edstica, apoio fiscal, forma\u00e7\u00e3o, com profissionais certificados e muitos anos de experi\u00eancia no mercado angolano e internacional.<\/p>\n<p style=\"text-align: left;\"><span style=\"color: #000000; font-size: 18px;\"><strong>Miss\u00e3o<\/strong><\/span><\/p>\n<p style=\"text-align: left;\">Profissionais da EMJ pensam de forma diferente, compartilham \u00f3timas ideias e oferecer conselhos pensativos e inovadores para acelerar o sucesso de seus clientes, garantindo sempre que as obriga\u00e7\u00f5es fiscais sem cumpridas evitando multas e outros constrangimentos.<\/p>\n<p style=\"text-align: left;\"><span style=\"color: #000000;\"><strong><span style=\"font-size: 19px;\">Valores<\/span><\/strong><\/span><\/p>\n<p style=\"text-align: left;\">A EMJ prima pela Transpar\u00eancia, Honestidade, Criatividade, Rigorosidade garantindo sempre em primeiro lugar a satisfa\u00e7\u00e3o dos seus clientes.<\/p>\n<p>[\/vc_column_text][\/vc_column_inner][vc_column_inner width=&#8221;1\/2&#8243; animation_delay=&#8221;550&#8243; animation_type=&#8221;fadeInLeft&#8221;][vc_single_image source=&#8221;external_link&#8221; external_img_size=&#8221;700x 400&#8243; floating_start_pos=&#8221;none&#8221; floating_speed=&#8221;8&#8243; floating_horizontal=&#8221;yes&#8221; el_class=&#8221;mb-0 mt-5&#8243; custom_src=&#8221;https:\/\/images.tmcnet.com\/tmc\/misc\/articles\/image\/2019-oct\/4951339092-smart-home-3574545_960_720.jpg&#8221;][\/vc_column_inner][\/vc_row_inner][\/vc_column][\/vc_row][vc_row wrap_container=&#8221;yes&#8221; el_id=&#8221;servico&#8221; css=&#8221;.vc_custom_1647529205429{border-top-width: 1px !important;padding-top: 30px !important;background-color: rgba(229,246,251,0.61) !important;*background-color: rgb(229,246,251) !important;border-top-color: rgba(0,0,0,0.06) !important;}&#8221;][vc_column]<div class=\"porto-u-heading  wpb_custom_95aa9a11c17ad45cfabaf210d84ee7cc\" data-hspacer=\"no_spacer\" data-halign=\"center\" style=\"text-align:center\"><div class=\"porto-u-main-heading\"><h2   style=\"font-weight:700;margin-bottom: 4px;font-size:28px;line-height:34px;\">Servi\u00e7os Principais<\/h2><\/div><div class=\"porto-u-sub-heading\" style=\"font-weight:400;color: rgba(33,37,41,0.7);margin-bottom:32px;font-size:21px;\"><span style=\"color: #004863;\">Contabilidade | Fiscalidade | Workshop | Forma\u00e7\u00e3o | Produtos<br \/>\n<\/span><\/p>\n<div class=\"section-title mb-3\">\n<h3><strong>\u00a0<\/strong><\/h3>\n<\/div>\n<p><\/div><\/div><div class=\"porto-carousel owl-carousel has-ccols ccols-xl-3 ccols-lg-3 ccols-md-3 ccols-sm-2 ccols-1 stage-margin\" data-plugin-options=\"{&quot;stagePadding&quot;:40,&quot;margin&quot;:10,&quot;autoplay&quot;:false,&quot;autoplayTimeout&quot;:5000,&quot;autoplayHoverPause&quot;:false,&quot;items&quot;:3,&quot;lg&quot;:3,&quot;md&quot;:3,&quot;sm&quot;:2,&quot;xs&quot;:1,&quot;nav&quot;:false,&quot;dots&quot;:&quot;yes&quot;,&quot;animateIn&quot;:&quot;&quot;,&quot;animateOut&quot;:&quot;&quot;,&quot;loop&quot;:false,&quot;center&quot;:false,&quot;video&quot;:false,&quot;lazyLoad&quot;:false,&quot;fullscreen&quot;:false}\"><div class=\"porto-sicon-box  vc_custom_1647531502731  wpb_custom_1efe903570d178ff0a9b7bfa5febd3a4 style_2 top-icon\"><div class=\"porto-sicon-top\"><div class=\"porto-just-icon-wrapper porto-icon circle\" style=\"color:#ffffff;background:#08527a;font-size:36px;\"><i class=\"fas fa-chart-line\"><\/i><\/div><\/div><div class=\"porto-sicon-header\"><h3 class=\"porto-sicon-title\" style=\"font-weight:600;font-size:21px;line-height:24px;color:#212529;\">Contabilidade Fiscalidade<\/h3><\/div> <!-- header --><div class=\"porto-sicon-description\" style=\"\">Consultoria em Contabilidade e Fiscalidade<\/div> <!-- description --><\/div><!-- porto-sicon-box --><div class=\"porto-sicon-box  vc_custom_1647528982533  wpb_custom_1efe903570d178ff0a9b7bfa5febd3a4 style_2 top-icon\"><div class=\"porto-sicon-top\"><div class=\"porto-just-icon-wrapper porto-icon circle\" style=\"color:#ffffff;background:#08527a;font-size:36px;\"><i class=\"porto-icon-users\"><\/i><\/div><\/div><div class=\"porto-sicon-header\"><h3 class=\"porto-sicon-title\" style=\"font-weight:600;font-size:21px;line-height:24px;color:#212529;\">Estudos de Pesquisa ( Mercado e Cientif\u00edcas)<\/h3><\/div> <!-- header --><div class=\"porto-sicon-description\" style=\"\">Estudos de viabilidade econ\u00f3mica, acompanhamento de projectos e estudos, cria\u00e7\u00e3o de Empresas e outros&#8230;<\/div> <!-- description --><\/div><!-- porto-sicon-box --><div class=\"porto-sicon-box  vc_custom_1647528521445  wpb_custom_1efe903570d178ff0a9b7bfa5febd3a4 style_2 top-icon\"><div class=\"porto-sicon-top\"><div class=\"porto-just-icon-wrapper porto-icon circle\" style=\"color:#ffffff;background:#08527a;font-size:36px;\"><i class=\"fas fa-university\"><\/i><\/div><\/div><div class=\"porto-sicon-header\"><h3 class=\"porto-sicon-title\" style=\"font-weight:600;font-size:21px;line-height:24px;color:#212529;\">Forma\u00e7\u00e3o e Workshop<\/h3><\/div> <!-- header --><div class=\"porto-sicon-description\" style=\"\">Forma\u00e7\u00e3o, An\u00e1lise e pareceres, Workshops, Webinar<\/div> <!-- description --><\/div><!-- porto-sicon-box --><\/div>[\/vc_column][\/vc_row][vc_row wrap_container=&#8221;yes&#8221; css=&#8221;.vc_custom_1646929213670{padding-top: 75px !important;padding-bottom: 60px !important;}&#8221; el_id=&#8221;contactos&#8221; el_class=&#8221;sombraall&#8221;][vc_column width=&#8221;1\/2&#8243;]<div class=\"porto-u-heading  wpb_custom_95aa9a11c17ad45cfabaf210d84ee7cc\" data-hspacer=\"no_spacer\" data-halign=\"left\" style=\"text-align:left\"><div class=\"porto-u-main-heading\"><h2   style=\"font-weight:700;color:#004863;margin-bottom: 4px;font-size:28px;line-height:34px;\">Informa\u00e7\u00f5es de Contacto<\/h2><\/div><\/div><div class=\"porto-sicon-box  vc_custom_1647342437237 contact-info  wpb_custom_b4387b360525ee378a378e8f64f1627d style_1 left-icon\"><div class=\"porto-sicon-left\"><div class=\"porto-just-icon-wrapper porto-icon none\" style=\"color:#00102d;font-size:40px;\"><i class=\"Simple-Line-Icons-home\"><\/i><\/div><\/div><div class=\"porto-sicon-body\"><div class=\"porto-sicon-description\" style=\"color:#2b2b2b;\">Rua 1 S\u00e3o Pedro, Luanda &#8211; Angola<\/div> <!-- description --><\/div><\/div><!-- porto-sicon-box --><div class=\"porto-sicon-box  vc_custom_1647522616828 contact-info  wpb_custom_cd8a8322a934cc2309c82d4bd79359cb style_1 left-icon\"><div class=\"porto-sicon-left\"><div class=\"porto-just-icon-wrapper porto-icon none\" style=\"color:#00102d;font-size:40px;\"><i class=\"Simple-Line-Icons-phone\"><\/i><\/div><\/div><div class=\"porto-sicon-body\"><div class=\"porto-sicon-description\" style=\"color:#2b2b2b;\">+244 945 484\u00a0 387 | 916\u00a0 894\u00a0 854<\/div> <!-- description --><\/div><\/div><!-- porto-sicon-box --><div class=\"porto-sicon-box  vc_custom_1647522628589 contact-info  wpb_custom_b4387b360525ee378a378e8f64f1627d style_1 left-icon\"><div class=\"porto-sicon-left\"><div class=\"porto-just-icon-wrapper porto-icon none\" style=\"color:#00102d;font-size:40px;\"><i class=\"Simple-Line-Icons-envelope\"><\/i><\/div><\/div><div class=\"porto-sicon-body\"><div class=\"porto-sicon-description\" style=\"color:#2b2b2b;\">geral@emjconsultoria.com<\/div> <!-- description --><\/div><\/div><!-- porto-sicon-box -->[\/vc_column][vc_column width=&#8221;1\/2&#8243;]<div role=\"form\" class=\"wpcf7\" id=\"wpcf7-f44-o1\" lang=\"en-US\" dir=\"ltr\">\n<div class=\"screen-reader-response\"><p role=\"status\" aria-live=\"polite\" aria-atomic=\"true\"><\/p> <ul><\/ul><\/div>\n<form action=\"\/index.php?rest_route=%2Fwp%2Fv2%2Fpages%2F2#wpcf7-f44-o1\" method=\"post\" class=\"wpcf7-form init\" novalidate=\"novalidate\" data-status=\"init\">\n<div style=\"display: none;\">\n<input type=\"hidden\" name=\"_wpcf7\" value=\"44\" \/>\n<input type=\"hidden\" name=\"_wpcf7_version\" value=\"5.5.6\" \/>\n<input type=\"hidden\" name=\"_wpcf7_locale\" value=\"en_US\" \/>\n<input type=\"hidden\" name=\"_wpcf7_unit_tag\" value=\"wpcf7-f44-o1\" \/>\n<input type=\"hidden\" name=\"_wpcf7_container_post\" value=\"0\" \/>\n<input type=\"hidden\" name=\"_wpcf7_posted_data_hash\" value=\"\" \/>\n<\/div>\n<div class=\"form-row row-gutter-sm\">\n<div class=\"form-group col-lg-6 mb-4\"><span class=\"wpcf7-form-control-wrap username\"><input type=\"text\" name=\"username\" value=\"\" size=\"40\" class=\"wpcf7-form-control wpcf7-text wpcf7-validates-as-required form-control\" aria-required=\"true\" aria-invalid=\"false\" placeholder=\"Nome\" \/><\/span><\/div>\n<div class=\"form-group col-lg-6 mb-4\"><span class=\"wpcf7-form-control-wrap phonenumber\"><input type=\"text\" name=\"phonenumber\" value=\"\" size=\"40\" class=\"wpcf7-form-control wpcf7-text wpcf7-validates-as-required form-control\" aria-required=\"true\" aria-invalid=\"false\" placeholder=\"Phone\" \/><\/span><\/div>\n<\/div>\n<div class=\"form-row row-gutter-sm\">\n<div class=\"form-group col-lg-6 mb-4\"><span class=\"wpcf7-form-control-wrap e-mail\"><input type=\"email\" name=\"e-mail\" value=\"\" size=\"40\" class=\"wpcf7-form-control wpcf7-text wpcf7-email wpcf7-validates-as-required wpcf7-validates-as-email form-control\" aria-required=\"true\" aria-invalid=\"false\" placeholder=\"E-mail\" \/><\/span><\/div>\n<div class=\"form-group col-lg-6 mb-4\"><span class=\"wpcf7-form-control-wrap subject\"><input type=\"text\" name=\"subject\" value=\"\" size=\"40\" class=\"wpcf7-form-control wpcf7-text wpcf7-validates-as-required form-control\" aria-required=\"true\" aria-invalid=\"false\" placeholder=\"Assunto\" \/><\/span><\/div>\n<\/div>\n<div class=\"form-row\">\n<div class=\"form-group col mb-4\"><span class=\"wpcf7-form-control-wrap message\"><textarea name=\"message\" cols=\"40\" rows=\"10\" class=\"wpcf7-form-control wpcf7-textarea wpcf7-validates-as-required form-control\" aria-required=\"true\" aria-invalid=\"false\" placeholder=\"Mensagem\"><\/textarea><\/span><\/div>\n<\/div>\n<div class=\"form-row\">\n<div class=\"form-group col mb-0\"><input type=\"submit\" value=\"ENVIAR MENSAGEM\" class=\"wpcf7-form-control has-spinner wpcf7-submit btn btn-primary btn-modern font-weight-bold text-3 px-5 py-3\" \/><\/div>\n<\/div>\n<div class=\"wpcf7-response-output\" aria-hidden=\"true\"><\/div><\/form><\/div>[\/vc_column][\/vc_row][vc_row css=&#8221;.vc_custom_1646927431489{background-color: #141414 !important;}&#8221;][vc_column][vc_custom_heading text=&#8221;\u00a9 2022 Todos os direitos reservados \u00e0 Nome da empresa. Desenvolvido por Angola Sites&#8221; font_container=&#8221;tag:h2|font_size:14|text_align:center|color:%23dddddd|line_height:33px&#8221; use_theme_fonts=&#8221;yes&#8221; el_class=&#8221;mb-0&#8243;][\/vc_column][\/vc_row]<\/p>\n","protected":false},"excerpt":{"rendered":"<p>[vc_row content_placement=&#8221;middle&#8221; wrap_container=&#8221;yes&#8221; el_id=&#8221;home&#8221; css=&#8221;.vc_custom_1647254208459{padding-top: 83px !important;}&#8221; el_class=&#8221;position-relative&#8221;][vc_column el_class=&#8221;position-staticc&#8221;][\/vc_column][\/vc_row][vc_row wrap_container=&#8221;yes&#8221; no_padding=&#8221;yes&#8221; el_id=&#8221;sobre&#8221; css=&#8221;.vc_custom_1647254418194{padding-top: 30px !important;}&#8221;][vc_column][vc_row_inner][vc_column_inner width=&#8221;1\/2&#8243; animation_delay=&#8221;400&#8243; animation_type=&#8221;fadeInRight&#8221;][vc_column_text el_class=&#8221;scroll&#8221;] A EMJ &#8211; Consultoria e Presta\u00e7\u00e3o de Servi\u00e7os \u00e9 uma empresa focada nas Micro, Pequenas e M\u00e9dias Empresas no sentido de apoiar as mesmas com a organiza\u00e7\u00e3o contabil\u00edstica, apoio fiscal, forma\u00e7\u00e3o, com profissionais certificados e muitos [&hellip;]<\/p>\n","protected":false},"author":4,"featured_media":0,"parent":0,"menu_order":0,"comment_status":"closed","ping_status":"open","template":"","meta":{"footnotes":""},"_links":{"self":[{"href":"https:\/\/emjconsultoria.com\/index.php?rest_route=\/wp\/v2\/pages\/2"}],"collection":[{"href":"https:\/\/emjconsultoria.com\/index.php?rest_route=\/wp\/v2\/pages"}],"about":[{"href":"https:\/\/emjconsultoria.com\/index.php?rest_route=\/wp\/v2\/types\/page"}],"author":[{"embeddable":true,"href":"https:\/\/emjconsultoria.com\/index.php?rest_route=\/wp\/v2\/users\/4"}],"replies":[{"embeddable":true,"href":"https:\/\/emjconsultoria.com\/index.php?rest_route=%2Fwp%2Fv2%2Fcomments&post=2"}],"version-history":[{"count":63,"href":"https:\/\/emjconsultoria.com\/index.php?rest_route=\/wp\/v2\/pages\/2\/revisions"}],"predecessor-version":[{"id":3030,"href":"https:\/\/emjconsultoria.com\/index.php?rest_route=\/wp\/v2\/pages\/2\/revisions\/3030"}],"wp:attachment":[{"href":"https:\/\/emjconsultoria.com\/index.php?rest_route=%2Fwp%2Fv2%2Fmedia&parent=2"}],"curies":[{"name":"wp","href":"https:\/\/api.w.org\/{rel}","templated":true}]}}